{"id":987481506,"date":"2025-12-09T10:33:09","date_gmt":"2025-12-09T10:33:09","guid":{"rendered":"https:\/\/levins-kultur-center.dk\/?page_id=987481506"},"modified":"2025-12-09T10:35:38","modified_gmt":"2025-12-09T10:35:38","slug":"levins-fond","status":"publish","type":"page","link":"https:\/\/levins-kultur-center.dk\/de\/levins-fond","title":{"rendered":"Levin's Fond"},"content":{"rendered":"<p>[et_pb_section fb_built=&#8221;1&#8243; _builder_version=&#8221;4.27.4&#8243; _module_preset=&#8221;default&#8221; background_image=&#8221;https:\/\/levins-kultur-center.dk\/wp-content\/uploads\/2025\/04\/IMG_4961-scaled.jpeg&#8221; min_height=&#8221;700px&#8221; custom_padding=&#8221;||0px||false|false&#8221; bottom_divider_height=&#8221;41px&#8221; global_colors_info=&#8221;{}&#8221;][et_pb_row _builder_version=&#8221;4.27.4&#8243; _module_preset=&#8221;default&#8221; width=&#8221;100%&#8221; max_width=&#8221;1880px&#8221; custom_margin=&#8221;||||false|false&#8221; custom_padding=&#8221;||||false|false&#8221; global_colors_info=&#8221;{}&#8221;][et_pb_column type=&#8221;4_4&#8243; _builder_version=&#8221;4.27.4&#8243; _module_preset=&#8221;default&#8221; global_colors_info=&#8221;{}&#8221;][et_pb_text _builder_version=&#8221;4.27.4&#8243; _module_preset=&#8221;default&#8221; text_text_color=&#8221;#FFFFFF&#8221; header_font=&#8221;TT Norms Pro Bold|800||on|||||&#8221; header_text_color=&#8221;#ef760b&#8221; header_font_size=&#8221;76px&#8221; custom_margin=&#8221;||||false|false&#8221; custom_padding=&#8221;417px|||30px|false|false&#8221; header_font_last_edited=&#8221;off|phone&#8221; header_font_size_tablet=&#8221;76px&#8221; header_font_size_phone=&#8221;54px&#8221; header_font_size_last_edited=&#8221;on|phone&#8221; header_text_shadow_style=&#8221;preset5&#8243; header_text_shadow_color=&#8221;#000000&#8243; global_colors_info=&#8221;{}&#8221;]<\/p>\n<h1>Levins Kultur Center<\/h1>\n<p>[\/et_pb_text][\/et_pb_column][\/et_pb_row][\/et_pb_section][et_pb_section fb_built=&#8221;1&#8243; _builder_version=&#8221;4.27.4&#8243; _module_preset=&#8221;default&#8221; locked=&#8221;off&#8221; global_colors_info=&#8221;{}&#8221;][et_pb_row _builder_version=&#8221;4.27.4&#8243; _module_preset=&#8221;default&#8221; custom_padding=&#8221;||0px||false|false&#8221; global_colors_info=&#8221;{}&#8221;][et_pb_column type=&#8221;4_4&#8243; _builder_version=&#8221;4.27.4&#8243; _module_preset=&#8221;default&#8221; global_colors_info=&#8221;{}&#8221;][et_pb_text _builder_version=&#8221;4.27.5&#8243; _module_preset=&#8221;default&#8221; header_2_font=&#8221;TT Norms Pro Regular||||||||&#8221; hover_enabled=&#8221;0&#8243; global_colors_info=&#8221;{}&#8221; sticky_enabled=&#8221;0&#8243;]<\/p>\n<h2>Levins Fond<\/h2>\n<p>[\/et_pb_text][\/et_pb_column][\/et_pb_row][et_pb_row _builder_version=&#8221;4.27.4&#8243; _module_preset=&#8221;default&#8221; custom_padding=&#8221;0px||||false|false&#8221; global_colors_info=&#8221;{}&#8221;][et_pb_column type=&#8221;4_4&#8243; _builder_version=&#8221;4.27.4&#8243; _module_preset=&#8221;default&#8221; global_colors_info=&#8221;{}&#8221;][et_pb_text _builder_version=&#8221;4.27.5&#8243; _module_preset=&#8221;default&#8221; text_font=&#8221;||||||||&#8221; hover_enabled=&#8221;0&#8243; global_colors_info=&#8221;{}&#8221; sticky_enabled=&#8221;0&#8243;]<\/p>\n<p>VEDT\u00c6GTER for LEVINS FOND AF 1990<\/p>\n<p><strong>\u00a7 1. Navn og hjemsted<\/strong><br \/>Fondens navn er Levins Fond af 1990.<br \/>Fonden har hjemsted i Faaborg.<\/p>\n<p>Fonden er stiftet i 1990 ved sammenl\u00e6gning af to selvst\u00e6ndige fonde: Grosserer Joseph Levin og Hustru Marie Louise, f\u00f8dt Elliot\u2019s Mindelegat af 8. marts 1912 og Preben Levins Fond, samt ved overdragelse af ejendommen matr.nr. 311a, Faaborg Bygrunde, kaldet Levins Hus, fra Joseph Levin &amp; Co A\/S\u2019 B-fond.<\/p>\n<p><strong>\u00a7 2. Form\u00e5l<\/strong><br \/>Fondens form\u00e5l er at bevare og vedligeholde Levins Hus som en kulturel ejendom i Faaborg og stille huset til r\u00e5dighed for kulturelle form\u00e5l, herunder:<\/p>\n<p>&#8211; Kunstnerophold, udstillinger, koncerter, foredrag og andre kulturelle aktiviteter,<br \/>&#8211; Studiekredse, m\u00f8der eller arrangementer af kulturel, historisk eller kunstnerisk karakter,<br \/>&#8211; Samarbejde med lokale foreninger, kunstnere og kulturakt\u00f8rer.<\/p>\n<p>[\/et_pb_text][\/et_pb_column][\/et_pb_row][\/et_pb_section]<\/p>\n","protected":false},"excerpt":{"rendered":"<p>Levins Kultur CenterLevins FondVEDT\u00c6GTER for LEVINS FOND AF 1990 \u00a7 1. Navn og hjemstedFondens navn er Levins Fond af 1990.Fonden har hjemsted i Faaborg. Fonden er stiftet i 1990 ved sammenl\u00e6gning af to selvst\u00e6ndige fonde: Grosserer Joseph Levin og Hustru Marie Louise, f\u00f8dt Elliot\u2019s Mindelegat af 8. marts 1912 og Preben Levins Fond, samt ved [&hellip;]<\/p>\n","protected":false},"author":2,"featured_media":0,"parent":0,"menu_order":0,"comment_status":"closed","ping_status":"closed","template":"","meta":{"_et_pb_use_builder":"on","_et_pb_old_content":"","_et_gb_content_width":"","footnotes":""},"class_list":["post-987481506","page","type-page","status-publish","hentry"],"_links":{"self":[{"href":"https:\/\/levins-kultur-center.dk\/de\/wp-json\/wp\/v2\/pages\/987481506","targetHints":{"allow":["GET"]}}],"collection":[{"href":"https:\/\/levins-kultur-center.dk\/de\/wp-json\/wp\/v2\/pages"}],"about":[{"href":"https:\/\/levins-kultur-center.dk\/de\/wp-json\/wp\/v2\/types\/page"}],"author":[{"embeddable":true,"href":"https:\/\/levins-kultur-center.dk\/de\/wp-json\/wp\/v2\/users\/2"}],"replies":[{"embeddable":true,"href":"https:\/\/levins-kultur-center.dk\/de\/wp-json\/wp\/v2\/comments?post=987481506"}],"version-history":[{"count":4,"href":"https:\/\/levins-kultur-center.dk\/de\/wp-json\/wp\/v2\/pages\/987481506\/revisions"}],"predecessor-version":[{"id":987481512,"href":"https:\/\/levins-kultur-center.dk\/de\/wp-json\/wp\/v2\/pages\/987481506\/revisions\/987481512"}],"wp:attachment":[{"href":"https:\/\/levins-kultur-center.dk\/de\/wp-json\/wp\/v2\/media?parent=987481506"}],"curies":[{"name":"wp","href":"https:\/\/api.w.org\/{rel}","templated":true}]}}